{"id":668,"date":"2023-12-19T15:48:56","date_gmt":"2023-12-19T15:48:56","guid":{"rendered":"https:\/\/gosmania.com\/?page_id=668"},"modified":"2024-06-09T12:58:23","modified_gmt":"2024-06-09T12:58:23","slug":"actualites","status":"publish","type":"page","link":"https:\/\/gosmania.com\/en\/agence-de-communication-digitale\/actualites\/","title":{"rendered":"News &amp; Blog"},"content":{"rendered":"<div data-elementor-type=\"wp-page\" data-elementor-id=\"668\" class=\"elementor elementor-668\">\n\t\t\t\t\t\t<section class=\"elementor-section elementor-top-section elementor-element elementor-element-692562bc elementor-section-full_width elementor-section-height-default elementor-section-height-default\" data-id=\"692562bc\" data-element_type=\"section\" data-e-type=\"section\" data-settings=\"{&quot;background_background&quot;:&quot;classic&quot;}\">\n\t\t\t\t\t\t\t<div class=\"elementor-background-overlay\"><\/div>\n\t\t\t\t\t\t\t<div class=\"elementor-container elementor-column-gap-no\">\n\t\t\t\t\t<div class=\"elementor-column elementor-col-100 elementor-top-column elementor-element elementor-element-24caf29\" data-id=\"24caf29\" data-element_type=\"column\" data-e-type=\"column\">\n\t\t\t<div class=\"elementor-widget-wrap elementor-element-populated\">\n\t\t\t\t\t\t<div class=\"elementor-element elementor-element-2978fc86  ui-split-animate ui-e-a-animate ui-splitby-chars elementor-widget elementor-widget-highlighted-text\" data-id=\"2978fc86\" data-element_type=\"widget\" data-e-type=\"widget\" data-settings=\"{&quot;ui_animate_split&quot;:&quot;ui-split-animate&quot;,&quot;ui_animate_split_style&quot;:&quot;rollIn&quot;,&quot;ui_animate_split_by&quot;:&quot;chars&quot;}\" data-widget_type=\"highlighted-text.default\">\n\t\t\t\t<div class=\"elementor-widget-container\">\n\t\t\t\t\t\t\t<h2 class=\"ui-e--highlighted-text\" >\n        <span class=\"ui-e-headline-text\">NOS <\/span><span class=\"whitespace\"> <\/span><span class=\"ui-e-headline-text ui-e-headline-stroke1\">\n\t\t\t\t\t\t\t<span class=\"ui-e-headline-text ui-e-headline-highlighted\">News &amp; Blog<\/span><span class=\"uicore-svg-wrapper\"><svg xmlns=\"http:\/\/www.w3.org\/2000\/svg\" viewbox=\"0 0 500 150\" preserveaspectratio=\"none\"><path d='M15.2,133.3L15.2,133.3c121.9-7.6,244-9.9,366.1-6.8c34.6,0.9,69.1,2.3,103.7,4'\/><\/svg><\/span><\/span><span class=\"whitespace\"> <\/span>        <\/h2>\n        \t\t\t\t<\/div>\n\t\t\t\t<\/div>\n\t\t\t\t\t<\/div>\n\t\t<\/div>\n\t\t\t\t\t<\/div>\n\t\t<\/section>\n\t\t\t\t<section class=\"elementor-section elementor-top-section elementor-element elementor-element-5f311bd3 elementor-section-boxed elementor-section-height-default elementor-section-height-default\" data-id=\"5f311bd3\" data-element_type=\"section\" data-e-type=\"section\">\n\t\t\t\t\t\t<div class=\"elementor-container elementor-column-gap-default\">\n\t\t\t\t\t<div class=\"elementor-column elementor-col-100 elementor-top-column elementor-element elementor-element-36b7cfd6\" data-id=\"36b7cfd6\" data-element_type=\"column\" data-e-type=\"column\" data-settings=\"{&quot;background_background&quot;:&quot;classic&quot;}\">\n\t\t\t<div class=\"elementor-widget-wrap elementor-element-populated\">\n\t\t\t\t\t\t<div class=\"elementor-element elementor-element-2dc4f9fd  ui-split-animate ui-e-a-animate ui-splitby-chars elementor-widget elementor-widget-highlighted-text\" data-id=\"2dc4f9fd\" data-element_type=\"widget\" data-e-type=\"widget\" data-settings=\"{&quot;ui_animate_split&quot;:&quot;ui-split-animate&quot;,&quot;ui_animate_split_by&quot;:&quot;chars&quot;,&quot;ui_animate_split_style&quot;:&quot;fadeInUp&quot;}\" data-widget_type=\"highlighted-text.default\">\n\t\t\t\t<div class=\"elementor-widget-container\">\n\t\t\t\t\t\t\t<h2 class=\"ui-e--highlighted-text\" >\n        <span class=\"ui-e-headline-text\">DEVELOP YOUR BUSINESS WITH US NOW<\/span>        <\/h2>\n        \t\t\t\t<\/div>\n\t\t\t\t<\/div>\n\t\t\t\t<div class=\"elementor-element elementor-element-4a1f6810 elementor-align-center elementor-invisible elementor-widget elementor-widget-button\" data-id=\"4a1f6810\" data-element_type=\"widget\" data-e-type=\"widget\" data-settings=\"{&quot;_animation&quot;:&quot;fadeInDown&quot;,&quot;_animation_delay&quot;:300}\" data-widget_type=\"button.default\">\n\t\t\t\t<div class=\"elementor-widget-container\">\n\t\t\t\t\t\t\t\t\t<div class=\"elementor-button-wrapper\">\n\t\t\t\t\t<a class=\"elementor-button elementor-button-link elementor-size-sm elementor-animation-shrink\" href=\"https:\/\/gosmania.com\/en\/?page_id=55\">\n\t\t\t\t\t\t<span class=\"elementor-button-content-wrapper\">\n\t\t\t\t\t\t\t\t\t<span class=\"elementor-button-text\">Contact us<\/span>\n\t\t\t\t\t<\/span>\n\t\t\t\t\t<\/a>\n\t\t\t\t<\/div>\n\t\t\t\t\t\t\t\t<\/div>\n\t\t\t\t<\/div>\n\t\t\t\t\t<\/div>\n\t\t<\/div>\n\t\t\t\t\t<\/div>\n\t\t<\/section>\n\t\t\t\t<\/div>","protected":false},"excerpt":{"rendered":"<p>NOS Actualit\u00e9s D\u00e9veloppez votre business avec nous Contactez-nous<\/p>","protected":false},"author":1,"featured_media":0,"parent":254,"menu_order":4,"comment_status":"closed","ping_status":"closed","template":"","meta":{"footnotes":""},"class_list":["post-668","page","type-page","status-publish","hentry"],"yoast_head":"<!-- This site is optimized with the Yoast SEO plugin v27.4 - https:\/\/yoast.com\/product\/yoast-seo-wordpress\/ -->\n<title>Actualit\u00e9s - Gosmania Digital<\/title>\n<meta name=\"robots\" content=\"index, follow, max-snippet:-1, max-image-preview:large, max-video-preview:-1\" \/>\n<link rel=\"canonical\" href=\"https:\/\/gosmania.com\/en\/agence-de-communication-digitale\/actualites\/\" \/>\n<meta property=\"og:locale\" content=\"en_GB\" \/>\n<meta property=\"og:type\" content=\"article\" \/>\n<meta property=\"og:title\" content=\"Actualit\u00e9s - Gosmania Digital\" \/>\n<meta property=\"og:description\" content=\"NOS Actualit\u00e9s D\u00e9veloppez votre business avec nous Contactez-nous\" \/>\n<meta property=\"og:url\" content=\"https:\/\/gosmania.com\/en\/agence-de-communication-digitale\/actualites\/\" \/>\n<meta property=\"og:site_name\" content=\"Gosmania Digital\" \/>\n<meta property=\"article:modified_time\" content=\"2024-06-09T12:58:23+00:00\" \/>\n<meta name=\"twitter:card\" content=\"summary_large_image\" \/>\n<script type=\"application\/ld+json\" class=\"yoast-schema-graph\">{\"@context\":\"https:\\\/\\\/schema.org\",\"@graph\":[{\"@type\":\"WebPage\",\"@id\":\"https:\\\/\\\/gosmania.com\\\/agence-de-communication-digitale\\\/actualites\\\/\",\"url\":\"https:\\\/\\\/gosmania.com\\\/agence-de-communication-digitale\\\/actualites\\\/\",\"name\":\"Actualit\u00e9s - Gosmania Digital\",\"isPartOf\":{\"@id\":\"https:\\\/\\\/gosmania.com\\\/#website\"},\"datePublished\":\"2023-12-19T15:48:56+00:00\",\"dateModified\":\"2024-06-09T12:58:23+00:00\",\"breadcrumb\":{\"@id\":\"https:\\\/\\\/gosmania.com\\\/agence-de-communication-digitale\\\/actualites\\\/#breadcrumb\"},\"inLanguage\":\"en-GB\",\"potentialAction\":[{\"@type\":\"ReadAction\",\"target\":[\"https:\\\/\\\/gosmania.com\\\/agence-de-communication-digitale\\\/actualites\\\/\"]}]},{\"@type\":\"BreadcrumbList\",\"@id\":\"https:\\\/\\\/gosmania.com\\\/agence-de-communication-digitale\\\/actualites\\\/#breadcrumb\",\"itemListElement\":[{\"@type\":\"ListItem\",\"position\":1,\"name\":\"Home\",\"item\":\"https:\\\/\\\/gosmania.com\\\/\"},{\"@type\":\"ListItem\",\"position\":2,\"name\":\"Agence de communication digitale\",\"item\":\"https:\\\/\\\/gosmania.com\\\/\"},{\"@type\":\"ListItem\",\"position\":3,\"name\":\"Actualit\u00e9s\"}]},{\"@type\":\"WebSite\",\"@id\":\"https:\\\/\\\/gosmania.com\\\/#website\",\"url\":\"https:\\\/\\\/gosmania.com\\\/\",\"name\":\"Gosmania\",\"description\":\"Agence de Communication et Marketing Digital \u00e0 Casablanca\",\"publisher\":{\"@id\":\"https:\\\/\\\/gosmania.com\\\/#organization\"},\"potentialAction\":[{\"@type\":\"SearchAction\",\"target\":{\"@type\":\"EntryPoint\",\"urlTemplate\":\"https:\\\/\\\/gosmania.com\\\/?s={search_term_string}\"},\"query-input\":{\"@type\":\"PropertyValueSpecification\",\"valueRequired\":true,\"valueName\":\"search_term_string\"}}],\"inLanguage\":\"en-GB\"},{\"@type\":\"Organization\",\"@id\":\"https:\\\/\\\/gosmania.com\\\/#organization\",\"name\":\"Gosmania\",\"url\":\"https:\\\/\\\/gosmania.com\\\/\",\"logo\":{\"@type\":\"ImageObject\",\"inLanguage\":\"en-GB\",\"@id\":\"https:\\\/\\\/gosmania.com\\\/#\\\/schema\\\/logo\\\/image\\\/\",\"url\":\"https:\\\/\\\/gosmania.com\\\/wp-content\\\/uploads\\\/2023\\\/12\\\/Gosmania-Digital-3-1-1024x312__1_-removebg-preview.png\",\"contentUrl\":\"https:\\\/\\\/gosmania.com\\\/wp-content\\\/uploads\\\/2023\\\/12\\\/Gosmania-Digital-3-1-1024x312__1_-removebg-preview.png\",\"width\":905,\"height\":275,\"caption\":\"Gosmania\"},\"image\":{\"@id\":\"https:\\\/\\\/gosmania.com\\\/#\\\/schema\\\/logo\\\/image\\\/\"}}]}<\/script>\n<!-- \/ Yoast SEO plugin. -->","yoast_head_json":{"title":"Actualit\u00e9s - Gosmania Digital","robots":{"index":"index","follow":"follow","max-snippet":"max-snippet:-1","max-image-preview":"max-image-preview:large","max-video-preview":"max-video-preview:-1"},"canonical":"https:\/\/gosmania.com\/en\/agence-de-communication-digitale\/actualites\/","og_locale":"en_GB","og_type":"article","og_title":"Actualit\u00e9s - Gosmania Digital","og_description":"NOS Actualit\u00e9s D\u00e9veloppez votre business avec nous Contactez-nous","og_url":"https:\/\/gosmania.com\/en\/agence-de-communication-digitale\/actualites\/","og_site_name":"Gosmania Digital","article_modified_time":"2024-06-09T12:58:23+00:00","twitter_card":"summary_large_image","schema":{"@context":"https:\/\/schema.org","@graph":[{"@type":"WebPage","@id":"https:\/\/gosmania.com\/agence-de-communication-digitale\/actualites\/","url":"https:\/\/gosmania.com\/agence-de-communication-digitale\/actualites\/","name":"Actualit\u00e9s - Gosmania Digital","isPartOf":{"@id":"https:\/\/gosmania.com\/#website"},"datePublished":"2023-12-19T15:48:56+00:00","dateModified":"2024-06-09T12:58:23+00:00","breadcrumb":{"@id":"https:\/\/gosmania.com\/agence-de-communication-digitale\/actualites\/#breadcrumb"},"inLanguage":"en-GB","potentialAction":[{"@type":"ReadAction","target":["https:\/\/gosmania.com\/agence-de-communication-digitale\/actualites\/"]}]},{"@type":"BreadcrumbList","@id":"https:\/\/gosmania.com\/agence-de-communication-digitale\/actualites\/#breadcrumb","itemListElement":[{"@type":"ListItem","position":1,"name":"Home","item":"https:\/\/gosmania.com\/"},{"@type":"ListItem","position":2,"name":"Agence de communication digitale","item":"https:\/\/gosmania.com\/"},{"@type":"ListItem","position":3,"name":"Actualit\u00e9s"}]},{"@type":"WebSite","@id":"https:\/\/gosmania.com\/#website","url":"https:\/\/gosmania.com\/","name":"Gosmania","description":"Agence de Communication et Marketing Digital \u00e0 Casablanca","publisher":{"@id":"https:\/\/gosmania.com\/#organization"},"potentialAction":[{"@type":"SearchAction","target":{"@type":"EntryPoint","urlTemplate":"https:\/\/gosmania.com\/?s={search_term_string}"},"query-input":{"@type":"PropertyValueSpecification","valueRequired":true,"valueName":"search_term_string"}}],"inLanguage":"en-GB"},{"@type":"Organization","@id":"https:\/\/gosmania.com\/#organization","name":"Gosmania","url":"https:\/\/gosmania.com\/","logo":{"@type":"ImageObject","inLanguage":"en-GB","@id":"https:\/\/gosmania.com\/#\/schema\/logo\/image\/","url":"https:\/\/gosmania.com\/wp-content\/uploads\/2023\/12\/Gosmania-Digital-3-1-1024x312__1_-removebg-preview.png","contentUrl":"https:\/\/gosmania.com\/wp-content\/uploads\/2023\/12\/Gosmania-Digital-3-1-1024x312__1_-removebg-preview.png","width":905,"height":275,"caption":"Gosmania"},"image":{"@id":"https:\/\/gosmania.com\/#\/schema\/logo\/image\/"}}]}},"_links":{"self":[{"href":"https:\/\/gosmania.com\/en\/wp-json\/wp\/v2\/pages\/668","targetHints":{"allow":["GET"]}}],"collection":[{"href":"https:\/\/gosmania.com\/en\/wp-json\/wp\/v2\/pages"}],"about":[{"href":"https:\/\/gosmania.com\/en\/wp-json\/wp\/v2\/types\/page"}],"author":[{"embeddable":true,"href":"https:\/\/gosmania.com\/en\/wp-json\/wp\/v2\/users\/1"}],"replies":[{"embeddable":true,"href":"https:\/\/gosmania.com\/en\/wp-json\/wp\/v2\/comments?post=668"}],"version-history":[{"count":6,"href":"https:\/\/gosmania.com\/en\/wp-json\/wp\/v2\/pages\/668\/revisions"}],"predecessor-version":[{"id":2148,"href":"https:\/\/gosmania.com\/en\/wp-json\/wp\/v2\/pages\/668\/revisions\/2148"}],"up":[{"embeddable":true,"href":"https:\/\/gosmania.com\/en\/wp-json\/wp\/v2\/pages\/254"}],"wp:attachment":[{"href":"https:\/\/gosmania.com\/en\/wp-json\/wp\/v2\/media?parent=668"}],"curies":[{"name":"wp","href":"https:\/\/api.w.org\/{rel}","templated":true}]}}