{"id":53,"date":"2023-12-15T09:32:18","date_gmt":"2023-12-15T09:32:18","guid":{"rendered":"https:\/\/gosmania.com\/?page_id=53"},"modified":"2024-12-18T11:47:10","modified_gmt":"2024-12-18T11:47:10","slug":"realisations","status":"publish","type":"page","link":"https:\/\/gosmania.com\/en\/agence-de-communication-digitale\/realisations\/","title":{"rendered":"Our work"},"content":{"rendered":"<div data-elementor-type=\"wp-page\" data-elementor-id=\"53\" class=\"elementor elementor-53\">\n\t\t\t\t\t\t<section class=\"elementor-section elementor-top-section elementor-element elementor-element-53d20ea1 elementor-section-full_width elementor-section-height-default elementor-section-height-default\" data-id=\"53d20ea1\" data-element_type=\"section\" data-e-type=\"section\" data-settings=\"{&quot;background_background&quot;:&quot;classic&quot;}\">\n\t\t\t\t\t\t\t<div class=\"elementor-background-overlay\"><\/div>\n\t\t\t\t\t\t\t<div class=\"elementor-container elementor-column-gap-no\">\n\t\t\t\t\t<div class=\"elementor-column elementor-col-100 elementor-top-column elementor-element elementor-element-1f26af93\" data-id=\"1f26af93\" data-element_type=\"column\" data-e-type=\"column\">\n\t\t\t<div class=\"elementor-widget-wrap elementor-element-populated\">\n\t\t\t\t\t\t<div class=\"elementor-element elementor-element-1f939c93  ui-split-animate ui-e-a-animate ui-splitby-chars elementor-widget elementor-widget-highlighted-text\" data-id=\"1f939c93\" data-element_type=\"widget\" data-e-type=\"widget\" data-settings=\"{&quot;ui_animate_split&quot;:&quot;ui-split-animate&quot;,&quot;ui_animate_split_style&quot;:&quot;rollIn&quot;,&quot;ui_animate_split_by&quot;:&quot;chars&quot;}\" data-widget_type=\"highlighted-text.default\">\n\t\t\t\t<div class=\"elementor-widget-container\">\n\t\t\t\t\t\t\t<h2 class=\"ui-e--highlighted-text\" >\n        <span class=\"ui-e-headline-text\">OUR REALIZATIONS<\/span>        <\/h2>\n        \t\t\t\t<\/div>\n\t\t\t\t<\/div>\n\t\t\t\t\t<\/div>\n\t\t<\/div>\n\t\t\t\t\t<\/div>\n\t\t<\/section>\n\t\t\t\t<section class=\"elementor-section elementor-top-section elementor-element elementor-element-26e2a43 elementor-section-boxed elementor-section-height-default elementor-section-height-default\" data-id=\"26e2a43\" data-element_type=\"section\" data-e-type=\"section\">\n\t\t\t\t\t\t<div class=\"elementor-container elementor-column-gap-default\">\n\t\t\t\t\t<div class=\"elementor-column elementor-col-100 elementor-top-column elementor-element elementor-element-c8ceeb7\" data-id=\"c8ceeb7\" data-element_type=\"column\" data-e-type=\"column\">\n\t\t\t<div class=\"elementor-widget-wrap elementor-element-populated\">\n\t\t\t\t\t\t<div class=\"elementor-element elementor-element-961b416 elementor-widget elementor-widget-shortcode\" data-id=\"961b416\" data-element_type=\"widget\" data-e-type=\"widget\" data-widget_type=\"shortcode.default\">\n\t\t\t\t<div class=\"elementor-widget-container\">\n\t\t\t\t\t\t\t<div class=\"elementor-shortcode\"><div class=\"_df_book df-lite\" id=\"df_2889\"  _slug=\"brochure-2024\" data-title=\"brochure-2024\" wpoptions=\"true\" thumbtype=\"\" ><\/div><script class=\"df-shortcode-script\" nowprocket type=\"application\/javascript\">window.option_df_2889 = {\"outline\":[],\"viewerType\":\"flipbook\",\"autoEnableOutline\":\"false\",\"autoEnableThumbnail\":\"false\",\"overwritePDFOutline\":\"false\",\"enableDownload\":\"true\",\"direction\":\"1\",\"pageSize\":\"0\",\"maxTextureSize\":\"2048\",\"source\":\"https:\\\/\\\/gosmania.com\\\/wp-content\\\/uploads\\\/2024\\\/12\\\/GOSMANIA-DIGITAL.pdf\",\"wpOptions\":\"true\"}; if(window.DFLIP && window.DFLIP.parseBooks){window.DFLIP.parseBooks();}<\/script>\t<\/div>\n\t\t\t\t\t\t<\/div>\n\t\t\t\t<\/div>\n\t\t\t\t\t<\/div>\n\t\t<\/div>\n\t\t\t\t\t<\/div>\n\t\t<\/section>\n\t\t\t\t<section class=\"elementor-section elementor-top-section elementor-element elementor-element-7f2d728d elementor-section-boxed elementor-section-height-default elementor-section-height-default\" data-id=\"7f2d728d\" data-element_type=\"section\" data-e-type=\"section\">\n\t\t\t\t\t\t<div class=\"elementor-container elementor-column-gap-default\">\n\t\t\t\t\t<div class=\"elementor-column elementor-col-100 elementor-top-column elementor-element elementor-element-347f28cb\" data-id=\"347f28cb\" data-element_type=\"column\" data-e-type=\"column\" data-settings=\"{&quot;background_background&quot;:&quot;classic&quot;}\">\n\t\t\t<div class=\"elementor-widget-wrap elementor-element-populated\">\n\t\t\t\t\t\t<div class=\"elementor-element elementor-element-3d88836a  ui-split-animate ui-e-a-animate ui-splitby-chars elementor-widget elementor-widget-highlighted-text\" data-id=\"3d88836a\" data-element_type=\"widget\" data-e-type=\"widget\" data-settings=\"{&quot;ui_animate_split&quot;:&quot;ui-split-animate&quot;,&quot;ui_animate_split_by&quot;:&quot;chars&quot;,&quot;ui_animate_split_style&quot;:&quot;fadeInUp&quot;}\" data-widget_type=\"highlighted-text.default\">\n\t\t\t\t<div class=\"elementor-widget-container\">\n\t\t\t\t\t\t\t<h2 class=\"ui-e--highlighted-text\" >\n        <span class=\"ui-e-headline-text\">DEVELOP YOUR BUSINESS WITH US NOW<\/span>        <\/h2>\n        \t\t\t\t<\/div>\n\t\t\t\t<\/div>\n\t\t\t\t<div class=\"elementor-element elementor-element-7f3e701e elementor-align-center elementor-invisible elementor-widget elementor-widget-button\" data-id=\"7f3e701e\" data-element_type=\"widget\" data-e-type=\"widget\" data-settings=\"{&quot;_animation&quot;:&quot;fadeInDown&quot;,&quot;_animation_delay&quot;:300}\" data-widget_type=\"button.default\">\n\t\t\t\t<div class=\"elementor-widget-container\">\n\t\t\t\t\t\t\t\t\t<div class=\"elementor-button-wrapper\">\n\t\t\t\t\t<a class=\"elementor-button elementor-button-link elementor-size-sm elementor-animation-shrink\" href=\"https:\/\/gosmania.com\/en\/?page_id=55\">\n\t\t\t\t\t\t<span class=\"elementor-button-content-wrapper\">\n\t\t\t\t\t\t\t\t\t<span class=\"elementor-button-text\">Contact us<\/span>\n\t\t\t\t\t<\/span>\n\t\t\t\t\t<\/a>\n\t\t\t\t<\/div>\n\t\t\t\t\t\t\t\t<\/div>\n\t\t\t\t<\/div>\n\t\t\t\t\t<\/div>\n\t\t<\/div>\n\t\t\t\t\t<\/div>\n\t\t<\/section>\n\t\t\t\t<\/div>","protected":false},"excerpt":{"rendered":"<p>R\u00c9ALISATIONS D\u00e9veloppez votre business avec nous Contactez-nous<\/p>","protected":false},"author":1,"featured_media":0,"parent":254,"menu_order":3,"comment_status":"closed","ping_status":"closed","template":"","meta":{"footnotes":""},"class_list":["post-53","page","type-page","status-publish","hentry"],"yoast_head":"<!-- This site is optimized with the Yoast SEO plugin v27.3 - https:\/\/yoast.com\/product\/yoast-seo-wordpress\/ -->\n<title>R\u00e9alisations - Gosmania Digital<\/title>\n<meta name=\"robots\" content=\"index, follow, max-snippet:-1, max-image-preview:large, max-video-preview:-1\" \/>\n<link rel=\"canonical\" href=\"https:\/\/gosmania.com\/en\/agence-de-communication-digitale\/realisations\/\" \/>\n<meta property=\"og:locale\" content=\"en_GB\" \/>\n<meta property=\"og:type\" content=\"article\" \/>\n<meta property=\"og:title\" content=\"R\u00e9alisations - Gosmania Digital\" \/>\n<meta property=\"og:description\" content=\"R\u00c9ALISATIONS D\u00e9veloppez votre business avec nous Contactez-nous\" \/>\n<meta property=\"og:url\" content=\"https:\/\/gosmania.com\/en\/agence-de-communication-digitale\/realisations\/\" \/>\n<meta property=\"og:site_name\" content=\"Gosmania Digital\" \/>\n<meta property=\"article:modified_time\" content=\"2024-12-18T11:47:10+00:00\" \/>\n<meta property=\"og:image\" content=\"https:\/\/gosmania.com\/wp-content\/uploads\/2023\/12\/FireShot-Capture-020-Expert-Comptable-a-Casablanca-et-Commissaire-aux-Comptes-www.confidentia.ma_.png\" \/>\n<meta name=\"twitter:card\" content=\"summary_large_image\" \/>\n<meta name=\"twitter:label1\" content=\"Estimated reading time\" \/>\n\t<meta name=\"twitter:data1\" content=\"6 minutes\" \/>\n<script type=\"application\/ld+json\" class=\"yoast-schema-graph\">{\"@context\":\"https:\\\/\\\/schema.org\",\"@graph\":[{\"@type\":\"WebPage\",\"@id\":\"https:\\\/\\\/gosmania.com\\\/agence-de-communication-digitale\\\/realisations\\\/\",\"url\":\"https:\\\/\\\/gosmania.com\\\/agence-de-communication-digitale\\\/realisations\\\/\",\"name\":\"R\u00e9alisations - Gosmania Digital\",\"isPartOf\":{\"@id\":\"https:\\\/\\\/gosmania.com\\\/#website\"},\"datePublished\":\"2023-12-15T09:32:18+00:00\",\"dateModified\":\"2024-12-18T11:47:10+00:00\",\"breadcrumb\":{\"@id\":\"https:\\\/\\\/gosmania.com\\\/agence-de-communication-digitale\\\/realisations\\\/#breadcrumb\"},\"inLanguage\":\"en-GB\",\"potentialAction\":[{\"@type\":\"ReadAction\",\"target\":[\"https:\\\/\\\/gosmania.com\\\/agence-de-communication-digitale\\\/realisations\\\/\"]}]},{\"@type\":\"BreadcrumbList\",\"@id\":\"https:\\\/\\\/gosmania.com\\\/agence-de-communication-digitale\\\/realisations\\\/#breadcrumb\",\"itemListElement\":[{\"@type\":\"ListItem\",\"position\":1,\"name\":\"Home\",\"item\":\"https:\\\/\\\/gosmania.com\\\/\"},{\"@type\":\"ListItem\",\"position\":2,\"name\":\"Agence de communication digitale\",\"item\":\"https:\\\/\\\/gosmania.com\\\/\"},{\"@type\":\"ListItem\",\"position\":3,\"name\":\"R\u00e9alisations\"}]},{\"@type\":\"WebSite\",\"@id\":\"https:\\\/\\\/gosmania.com\\\/#website\",\"url\":\"https:\\\/\\\/gosmania.com\\\/\",\"name\":\"Gosmania\",\"description\":\"Agence de Communication et Marketing Digital \u00e0 Casablanca\",\"publisher\":{\"@id\":\"https:\\\/\\\/gosmania.com\\\/#organization\"},\"potentialAction\":[{\"@type\":\"SearchAction\",\"target\":{\"@type\":\"EntryPoint\",\"urlTemplate\":\"https:\\\/\\\/gosmania.com\\\/?s={search_term_string}\"},\"query-input\":{\"@type\":\"PropertyValueSpecification\",\"valueRequired\":true,\"valueName\":\"search_term_string\"}}],\"inLanguage\":\"en-GB\"},{\"@type\":\"Organization\",\"@id\":\"https:\\\/\\\/gosmania.com\\\/#organization\",\"name\":\"Gosmania\",\"url\":\"https:\\\/\\\/gosmania.com\\\/\",\"logo\":{\"@type\":\"ImageObject\",\"inLanguage\":\"en-GB\",\"@id\":\"https:\\\/\\\/gosmania.com\\\/#\\\/schema\\\/logo\\\/image\\\/\",\"url\":\"https:\\\/\\\/gosmania.com\\\/wp-content\\\/uploads\\\/2023\\\/12\\\/Gosmania-Digital-3-1-1024x312__1_-removebg-preview.png\",\"contentUrl\":\"https:\\\/\\\/gosmania.com\\\/wp-content\\\/uploads\\\/2023\\\/12\\\/Gosmania-Digital-3-1-1024x312__1_-removebg-preview.png\",\"width\":905,\"height\":275,\"caption\":\"Gosmania\"},\"image\":{\"@id\":\"https:\\\/\\\/gosmania.com\\\/#\\\/schema\\\/logo\\\/image\\\/\"}}]}<\/script>\n<!-- \/ Yoast SEO plugin. -->","yoast_head_json":{"title":"R\u00e9alisations - Gosmania Digital","robots":{"index":"index","follow":"follow","max-snippet":"max-snippet:-1","max-image-preview":"max-image-preview:large","max-video-preview":"max-video-preview:-1"},"canonical":"https:\/\/gosmania.com\/en\/agence-de-communication-digitale\/realisations\/","og_locale":"en_GB","og_type":"article","og_title":"R\u00e9alisations - Gosmania Digital","og_description":"R\u00c9ALISATIONS D\u00e9veloppez votre business avec nous Contactez-nous","og_url":"https:\/\/gosmania.com\/en\/agence-de-communication-digitale\/realisations\/","og_site_name":"Gosmania Digital","article_modified_time":"2024-12-18T11:47:10+00:00","og_image":[{"url":"https:\/\/gosmania.com\/wp-content\/uploads\/2023\/12\/FireShot-Capture-020-Expert-Comptable-a-Casablanca-et-Commissaire-aux-Comptes-www.confidentia.ma_.png","type":"","width":"","height":""}],"twitter_card":"summary_large_image","twitter_misc":{"Estimated reading time":"6 minutes"},"schema":{"@context":"https:\/\/schema.org","@graph":[{"@type":"WebPage","@id":"https:\/\/gosmania.com\/agence-de-communication-digitale\/realisations\/","url":"https:\/\/gosmania.com\/agence-de-communication-digitale\/realisations\/","name":"R\u00e9alisations - Gosmania Digital","isPartOf":{"@id":"https:\/\/gosmania.com\/#website"},"datePublished":"2023-12-15T09:32:18+00:00","dateModified":"2024-12-18T11:47:10+00:00","breadcrumb":{"@id":"https:\/\/gosmania.com\/agence-de-communication-digitale\/realisations\/#breadcrumb"},"inLanguage":"en-GB","potentialAction":[{"@type":"ReadAction","target":["https:\/\/gosmania.com\/agence-de-communication-digitale\/realisations\/"]}]},{"@type":"BreadcrumbList","@id":"https:\/\/gosmania.com\/agence-de-communication-digitale\/realisations\/#breadcrumb","itemListElement":[{"@type":"ListItem","position":1,"name":"Home","item":"https:\/\/gosmania.com\/"},{"@type":"ListItem","position":2,"name":"Agence de communication digitale","item":"https:\/\/gosmania.com\/"},{"@type":"ListItem","position":3,"name":"R\u00e9alisations"}]},{"@type":"WebSite","@id":"https:\/\/gosmania.com\/#website","url":"https:\/\/gosmania.com\/","name":"Gosmania","description":"Agence de Communication et Marketing Digital \u00e0 Casablanca","publisher":{"@id":"https:\/\/gosmania.com\/#organization"},"potentialAction":[{"@type":"SearchAction","target":{"@type":"EntryPoint","urlTemplate":"https:\/\/gosmania.com\/?s={search_term_string}"},"query-input":{"@type":"PropertyValueSpecification","valueRequired":true,"valueName":"search_term_string"}}],"inLanguage":"en-GB"},{"@type":"Organization","@id":"https:\/\/gosmania.com\/#organization","name":"Gosmania","url":"https:\/\/gosmania.com\/","logo":{"@type":"ImageObject","inLanguage":"en-GB","@id":"https:\/\/gosmania.com\/#\/schema\/logo\/image\/","url":"https:\/\/gosmania.com\/wp-content\/uploads\/2023\/12\/Gosmania-Digital-3-1-1024x312__1_-removebg-preview.png","contentUrl":"https:\/\/gosmania.com\/wp-content\/uploads\/2023\/12\/Gosmania-Digital-3-1-1024x312__1_-removebg-preview.png","width":905,"height":275,"caption":"Gosmania"},"image":{"@id":"https:\/\/gosmania.com\/#\/schema\/logo\/image\/"}}]}},"_links":{"self":[{"href":"https:\/\/gosmania.com\/en\/wp-json\/wp\/v2\/pages\/53","targetHints":{"allow":["GET"]}}],"collection":[{"href":"https:\/\/gosmania.com\/en\/wp-json\/wp\/v2\/pages"}],"about":[{"href":"https:\/\/gosmania.com\/en\/wp-json\/wp\/v2\/types\/page"}],"author":[{"embeddable":true,"href":"https:\/\/gosmania.com\/en\/wp-json\/wp\/v2\/users\/1"}],"replies":[{"embeddable":true,"href":"https:\/\/gosmania.com\/en\/wp-json\/wp\/v2\/comments?post=53"}],"version-history":[{"count":31,"href":"https:\/\/gosmania.com\/en\/wp-json\/wp\/v2\/pages\/53\/revisions"}],"predecessor-version":[{"id":2914,"href":"https:\/\/gosmania.com\/en\/wp-json\/wp\/v2\/pages\/53\/revisions\/2914"}],"up":[{"embeddable":true,"href":"https:\/\/gosmania.com\/en\/wp-json\/wp\/v2\/pages\/254"}],"wp:attachment":[{"href":"https:\/\/gosmania.com\/en\/wp-json\/wp\/v2\/media?parent=53"}],"curies":[{"name":"wp","href":"https:\/\/api.w.org\/{rel}","templated":true}]}}